{"id":3581,"date":"2024-01-19T15:43:06","date_gmt":"2024-01-19T14:43:06","guid":{"rendered":"https:\/\/thekickboxingsociety.opzet-website.nl\/ubicaciones\/bussum\/"},"modified":"2025-05-09T14:07:52","modified_gmt":"2025-05-09T12:07:52","slug":"bussum","status":"publish","type":"page","link":"https:\/\/thekickboxingsociety.opzet-website.nl\/es\/ubicaciones\/bussum\/","title":{"rendered":"Bussum"},"content":{"rendered":"<p>[et_pb_section fb_built=\u00bb1&#8243; module_class=\u00bbbanner banner-small\u00bb _builder_version=\u00bb4.23.4&#8243; _dynamic_attributes=\u00bbbackground_image\u00bb _module_preset=\u00bbdefault\u00bb background_image=\u00bb@ET-DC@eyJkeW5hbWljIjp0cnVlLCJjb250ZW50IjoicG9zdF9mZWF0dXJlZF9pbWFnZSIsInNldHRpbmdzIjp7ImVuYWJsZV9odG1sIjoib2ZmIn19@\u00bb background_enable_video_mp4=\u00bboff\u00bb locked=\u00bboff\u00bb global_colors_info=\u00bb{}\u00bb][et_pb_row module_class=\u00bbvertical-align\u00bb _builder_version=\u00bb4.23&#8243; _module_preset=\u00bbdefault\u00bb min_height=\u00bb50vh\u00bb custom_padding=\u00bb0px||0px||false|false\u00bb custom_padding_tablet=\u00bb0px||0px||false|false\u00bb custom_padding_phone=\u00bb0px||0px||false|false\u00bb animation_style=\u00bbslide\u00bb animation_direction=\u00bbleft\u00bb animation_duration=\u00bb750ms\u00bb animation_delay=\u00bb250ms\u00bb animation_intensity_slide=\u00bb10%\u00bb animation_speed_curve=\u00bbease\u00bb global_colors_info=\u00bb{}\u00bb][et_pb_column type=\u00bb4_4&#8243; _builder_version=\u00bb4.23&#8243; _module_preset=\u00bbdefault\u00bb global_colors_info=\u00bb{}\u00bb][et_pb_text _builder_version=\u00bb4.23.4&#8243; _module_preset=\u00bbdefault\u00bb global_colors_info=\u00bb{}\u00bb]<\/p>\n<h1>The Kickboxing Society Bussum<\/h1>\n<p>[\/et_pb_text][kls_button button_text=\u00bbPrograme su leccion de prueba\u00bb button_url=\u00bbhttps:\/\/thekickboxingsociety.opzet-website.nl\/es\/ubicaciones\/bussum\/programe-una-leccion-de-prueba\/\u00bb _builder_version=\u00bb4.25.0&#8243; _module_preset=\u00bbdefault\u00bb locked=\u00bboff\u00bb global_colors_info=\u00bb{}\u00bb][\/kls_button][\/et_pb_column][\/et_pb_row][\/et_pb_section][et_pb_section fb_built=\u00bb1&#8243; module_class=\u00bbbreadcrumb-section\u00bb _builder_version=\u00bb4.23&#8243; _module_preset=\u00bbdefault\u00bb saved_tabs=\u00bball\u00bb global_colors_info=\u00bb{}\u00bb][et_pb_row _builder_version=\u00bb4.23&#8243; _module_preset=\u00bbdefault\u00bb custom_padding=\u00bb110px||0px||false|false\u00bb custom_padding_tablet=\u00bb100px||0px||false|false\u00bb custom_padding_phone=\u00bb60px||0px||false|false\u00bb animation_style=\u00bbfade\u00bb animation_duration=\u00bb750ms\u00bb animation_delay=\u00bb500ms\u00bb animation_speed_curve=\u00bbease\u00bb global_colors_info=\u00bb{}\u00bb][et_pb_column type=\u00bb4_4&#8243; _builder_version=\u00bb4.23&#8243; _module_preset=\u00bbdefault\u00bb global_colors_info=\u00bb{}\u00bb][et_pb_text _builder_version=\u00bb4.23&#8243; _module_preset=\u00bbdefault\u00bb text_font=\u00bb|300||on|||||\u00bb text_font_size=\u00bb16px\u00bb link_font=\u00bb|300||on|||||\u00bb link_text_color=\u00bb#0b0705&#8243; text_font_size_tablet=\u00bb16px\u00bb text_font_size_phone=\u00bb16px\u00bb global_colors_info=\u00bb{%22gcid-7f844db3-f1bc-490c-b22a-b832f70136c8%22:%91%22header_text_color%22%93}\u00bb]<\/p>\n<span><span><a href=\"https:\/\/thekickboxingsociety.opzet-website.nl\/es\/home\/\">Home<\/a><\/span><\/span>\n<p>[\/et_pb_text][\/et_pb_column][\/et_pb_row][\/et_pb_section][et_pb_section fb_built=\u00bb1&#8243; module_class=\u00bbbackground-overlay background-overlay-left\u00bb _builder_version=\u00bb4.23&#8243; _module_preset=\u00bbdefault\u00bb custom_margin=\u00bb50px||||false|false\u00bb locked=\u00bboff\u00bb global_colors_info=\u00bb{}\u00bb][et_pb_row column_structure=\u00bb1_2,1_2&#8243; use_custom_gutter=\u00bbon\u00bb gutter_width=\u00bb2&#8243; _builder_version=\u00bb4.23.4&#8243; _module_preset=\u00bbdefault\u00bb custom_padding=\u00bb85px||85px||false|false\u00bb custom_padding_tablet=\u00bb110px||0px||false|false\u00bb global_colors_info=\u00bb{}\u00bb][et_pb_column type=\u00bb1_2&#8243; _builder_version=\u00bb4.23&#8243; _module_preset=\u00bbdefault\u00bb animation_style=\u00bbslide\u00bb animation_direction=\u00bbleft\u00bb animation_duration=\u00bb750ms\u00bb animation_delay=\u00bb750ms\u00bb animation_intensity_slide=\u00bb10%\u00bb animation_speed_curve=\u00bbease\u00bb global_colors_info=\u00bb{}\u00bb][et_pb_image src=\u00bbhttps:\/\/thekickboxingsociety.opzet-website.nl\/wp-content\/uploads\/Rico-Verhoeven.jpg\u00bb alt=\u00bbgente de boxeo\u00bb title_text=\u00bbRico-Verhoeven\u00bb _builder_version=\u00bb4.23.4&#8243; _module_preset=\u00bbdefault\u00bb global_colors_info=\u00bb{}\u00bb][\/et_pb_image][\/et_pb_column][et_pb_column type=\u00bb1_2&#8243; _builder_version=\u00bb4.23&#8243; _module_preset=\u00bbdefault\u00bb animation_style=\u00bbfade\u00bb animation_duration=\u00bb750ms\u00bb animation_delay=\u00bb1250ms\u00bb animation_speed_curve=\u00bbease\u00bb animation_delay_tablet=\u00bb500ms\u00bb animation_delay_phone=\u00bb500ms\u00bb animation_delay_last_edited=\u00bbon|phone\u00bb global_colors_info=\u00bb{}\u00bb][et_pb_text _builder_version=\u00bb4.24.0&#8243; _module_preset=\u00bbdefault\u00bb header_2_font_size=\u00bb76px\u00bb custom_margin=\u00bb||50px|||\u00bb custom_margin_tablet=\u00bb||50px|||\u00bb custom_margin_phone=\u00bb||30px||false|false\u00bb custom_margin_last_edited=\u00bbon|phone\u00bb global_colors_info=\u00bb{}\u00bb]<\/p>\n<h2>DESCUBRE EL KICKBOXING EN GRUPO EN Bussum<\/h2>\n\u201cTrabajar cada d\u00eda mi cuerpo y mente es habitual para m\u00ed, como deportista de \u00e9lite. La sensaci\u00f3n de progreso y orgullo es incre\u00edble, y se la recomiendo a todo el mundo. El kickboxing se basa en la fuerza, la flexibilidad, la condici\u00f3n f\u00edsica y el equilibrio mental. En The Kickboxing Society <wpcodeself wptype=\"\"> hemos puesto estas formas de entrenamiento al alcance de todo aquel que quiera estar en forma sin la ambici\u00f3n de enfrentarse nunca a un oponente\u00bb.   <\/p>\n<p>\u00a1Ap\u00fantate hoy mismo para una clase de prueba gratuita en Bussum y descubre lo que el kickboxing en grupo puede significar para ti!\n<p>[\/et_pb_text][kls_button button_text=\u00bbPrograme su leccion de prueba\u00bb button_url=\u00bbhttps:\/\/thekickboxingsociety.opzet-website.nl\/es\/ubicaciones\/bussum\/programe-una-leccion-de-prueba\/\u00bb _builder_version=\u00bb4.25.0&#8243; _module_preset=\u00bbdefault\u00bb global_colors_info=\u00bb{}\u00bb][\/kls_button][\/et_pb_column][\/et_pb_row][\/et_pb_section][et_pb_section fb_built=\u00bb1&#8243; _builder_version=\u00bb4.23.4&#8243; _module_preset=\u00bbdefault\u00bb global_colors_info=\u00bb{}\u00bb][et_pb_row custom_padding_last_edited=\u00bbon|tablet\u00bb _builder_version=\u00bb4.23.4&#8243; _module_preset=\u00bbdefault\u00bb custom_padding_tablet=\u00bb\u00bb custom_padding_phone=\u00bb0px||80px||false|false\u00bb animation_style=\u00bbslide\u00bb animation_direction=\u00bbbottom\u00bb animation_delay=\u00bb250ms\u00bb animation_intensity_slide=\u00bb5%\u00bb global_colors_info=\u00bb{}\u00bb][et_pb_column type=\u00bb4_4&#8243; _builder_version=\u00bb4.23&#8243; _module_preset=\u00bbdefault\u00bb global_colors_info=\u00bb{}\u00bb][et_pb_code raw_content_tablet=\u00bb<iframe\n  title=%22embedded-calendar%22\n  src=%22https:\/\/admin.gymly.io\/embed\/calendar\/8ce2849e-d440-46cd-a0f4-c3e187c8621d?locationId=a51a063a-9344-4a47-98df-cd2662842fd9&#038;trials=false%22\n  width=%22100%%22\n  height=%22600px%22\n  style=%22border: 0%22\n\/><br \/>\n\u00bb raw_content_phone=\u00bb<iframe\n  title=%22embedded-calendar%22\n  src=%22https:\/\/admin.gymly.io\/embed\/calendar\/8ce2849e-d440-46cd-a0f4-c3e187c8621d?locationId=a51a063a-9344-4a47-98df-cd2662842fd9&#038;trials=false%22\n  width=%22100%%22\n  height=%22500px%22\n  style=%22border: 0%22\n\/><br \/>\n\u00bb raw_content_last_edited=\u00bbon|tablet\u00bb admin_label=\u00bbHorario de clase\u00bb _builder_version=\u00bb4.27.4&#8243; _module_preset=\u00bbdefault\u00bb width=\u00bb%22100%%22&#8243; hover_enabled=\u00bb0&#8243; global_colors_info=\u00bb{}\u00bb sticky_enabled=\u00bb0&#8243;]<iframe<!-- [et_pb_line_break_holder] -->  title=\u00bbembedded-calendar\u00bb<!-- [et_pb_line_break_holder] -->  src=\u00bbhttps:\/\/admin.gymly.io\/embed\/calendar\/8ce2849e-d440-46cd-a0f4-c3e187c8621d?locationId=a51a063a-9344-4a47-98df-cd2662842fd9&#038;trials=false\u00bb<!-- [et_pb_line_break_holder] -->  width=\u00bb100%\u00bb<!-- [et_pb_line_break_holder] -->  height=\u00bb600px\u00bb<!-- [et_pb_line_break_holder] -->  style=\u00bbborder: 0&#8243;<!-- [et_pb_line_break_holder] -->\/>[\/et_pb_code][\/et_pb_column][\/et_pb_row][\/et_pb_section][et_pb_section fb_built=\u00bb1&#8243; _builder_version=\u00bb4.23&#8243; _module_preset=\u00bbdefault\u00bb global_colors_info=\u00bb{}\u00bb][et_pb_row _builder_version=\u00bb4.23.4&#8243; _module_preset=\u00bbdefault\u00bb custom_padding=\u00bb0px||110px||false|false\u00bb custom_padding_tablet=\u00bb0px||180px||false|false\u00bb custom_padding_phone=\u00bb0px||80px||false|false\u00bb animation_style=\u00bbfade\u00bb animation_delay=\u00bb250ms\u00bb global_colors_info=\u00bb{}\u00bb][et_pb_column type=\u00bb4_4&#8243; _builder_version=\u00bb4.23&#8243; _module_preset=\u00bbdefault\u00bb global_colors_info=\u00bb{}\u00bb][et_pb_code module_class=\u00bblocation-data\u00bb _builder_version=\u00bb4.23.4&#8243; _module_preset=\u00bbdefault\u00bb global_colors_info=\u00bb{}\u00bb]<i class=\"fas fa-map-marker-alt\"><\/i>Nieuwe Spiegelstraat 9A <span class=\"seperator\">|<\/span> 1406 SG Bussum <span class=\"seperator\">|<\/span> <a href=\"mailto:info@thekickboxingsociety.com\"><i class=\"fas fa-envelope\"><\/i> info@thekickboxingsociety.com<\/a> <span class=\"seperator\">|<\/span> <a href=\"tel:0854010864\"><i class=\"fas fa-phone-alt\"><\/i> 085 401 08 64<\/a> <span class=\"seperator\">|<\/span> <a href=\"https:\/\/maps.app.goo.gl\/J8HKXU8eQ2RxkGP5A\" target=\"_blank\" rel=\"noopener\">Descargar indicaciones de ruta<\/a><!-- [et_pb_line_break_holder] --><!-- [et_pb_line_break_holder] --><!-- [et_pb_line_break_holder] --><iframe loading=\"lazy\" style=\"border: 0;\" src=\"https:\/\/www.google.com\/maps\/embed?pb=!1m18!1m12!1m3!1d2441.3811020226785!2d5.1568710769154995!3d52.27278285450303!2m3!1f0!2f0!3f0!3m2!1i1024!2i768!4f13.1!3m3!1m2!1s0x47c613626ed9a09f%3A0x6dd97c86e13fdeb0!2sThe%20Kickboxing%20Society%20Bussum!5e0!3m2!1snl!2snl!4v1705675604139!5m2!1snl!2snl\" width=\"100%\" height=\"600\" allowfullscreen=\"allowfullscreen\"><\/iframe>[\/et_pb_code][\/et_pb_column][\/et_pb_row][\/et_pb_section][et_pb_section fb_built=\u00bb1&#8243; module_class=\u00bbbackground-overlay background-overlay-right background-overlay-row\u00bb _builder_version=\u00bb4.23&#8243; _module_preset=\u00bbdefault\u00bb custom_margin=\u00bb0px||250px||false|false\u00bb custom_margin_tablet=\u00bb||0px||false|false\u00bb custom_margin_phone=\u00bb||0px||false|false\u00bb custom_margin_last_edited=\u00bbon|tablet\u00bb locked=\u00bboff\u00bb global_colors_info=\u00bb{}\u00bb][et_pb_row column_structure=\u00bb2_5,3_5&#8243; use_custom_gutter=\u00bbon\u00bb gutter_width=\u00bb4&#8243; custom_padding_last_edited=\u00bbon|desktop\u00bb module_class=\u00bbvertical-align\u00bb _builder_version=\u00bb4.23&#8243; _module_preset=\u00bbdefault\u00bb custom_padding=\u00bb0px||0px||false|false\u00bb custom_padding_tablet=\u00bb0px||0px||false|false\u00bb custom_padding_phone=\u00bb0px||0px||false|false\u00bb global_colors_info=\u00bb{}\u00bb][et_pb_column type=\u00bb2_5&#8243; _builder_version=\u00bb4.23&#8243; _module_preset=\u00bbdefault\u00bb animation_style=\u00bbfade\u00bb animation_duration=\u00bb750ms\u00bb animation_delay=\u00bb250ms\u00bb animation_speed_curve=\u00bbease\u00bb global_colors_info=\u00bb{}\u00bb][et_pb_text _builder_version=\u00bb4.24.0&#8243; _module_preset=\u00bbdefault\u00bb custom_padding=\u00bb100px||100px||false|false\u00bb custom_padding_tablet=\u00bb0px||0px||false|false\u00bb custom_padding_phone=\u00bb0px||0px||false|false\u00bb custom_padding_last_edited=\u00bbon|phone\u00bb global_colors_info=\u00bb{}\u00bb]<\/p>\n<h2>UNETE A THE SOCIETY<\/h2>\n<div class=\"page\" title=\"Page 1\">\n<div class=\"section\">\n<div class=\"layoutArea\">\n<div class=\"column\">\nDescubre lo bien que se siente rodearte de otras personas con la misma misi\u00f3n. The Kickboxing Society es como una familia. Ven a conocernos sin compromiso. Tu cambio de rumbo empieza ahora. Pide una cita enseguida para una clase de prueba sin compromiso en <wpcodeself wptype=\"\">.\n<\/div>\n<\/div>\n<\/div>\n<\/div>\n<p>[\/et_pb_text][\/et_pb_column][et_pb_column type=\u00bb3_5&#8243; module_class=\u00bbcontact-column\u00bb _builder_version=\u00bb4.23&#8243; _module_preset=\u00bbdefault\u00bb background_color=\u00bbgcid-7f844db3-f1bc-490c-b22a-b832f70136c8&#8243; custom_padding=\u00bb70px|10%|70px|10%|false|false\u00bb animation_style=\u00bbslide\u00bb animation_direction=\u00bbright\u00bb animation_duration=\u00bb750ms\u00bb animation_delay=\u00bb750ms\u00bb animation_intensity_slide=\u00bb10%\u00bb animation_speed_curve=\u00bbease\u00bb animation_delay_tablet=\u00bb500ms\u00bb animation_delay_phone=\u00bb500ms\u00bb animation_delay_last_edited=\u00bbon|tablet\u00bb global_colors_info=\u00bb{%22gcid-7f844db3-f1bc-490c-b22a-b832f70136c8%22:%91%22background_color%22%93}\u00bb][et_pb_text _builder_version=\u00bb4.23.4&#8243; _module_preset=\u00bbdefault\u00bb link_font=\u00bb||||on||||\u00bb link_text_color=\u00bb#000b1a\u00bb custom_margin=\u00bb||50px|||\u00bb custom_margin_tablet=\u00bb||50px|||\u00bb custom_margin_phone=\u00bb||30px||false|false\u00bb custom_margin_last_edited=\u00bbon|phone\u00bb global_colors_info=\u00bb{%22gcid-7f844db3-f1bc-490c-b22a-b832f70136c8%22:%91%22header_text_color%22,%22header_text_color%22%93}\u00bb]<\/p>\n<h3>PONTE EN CONTACTO CON NOSOTROS<\/h3>\n<p>Ll\u00e1manos en d\u00edas laborales entre las 9 h y las 12 h al tel\u00e9fono <a href=\"tel:0854010864\"><i class=\"fas fa-phone-alt\"><\/i> 085 401 08 64<\/a> o bien ponte en contacto con nosotros a trav\u00e9s de nuestro formulario de contacto.<\/p>\n<p>[\/et_pb_text][kls_button button_text=\u00bb\u00danete ahora\u00bb button_styling=\u00bbprimary\u00bb button_url=\u00bbhttps:\/\/thekickboxingsociety.opzet-website.nl\/es\/hacerse-socio-2\/\u00bb _builder_version=\u00bb4.23.4&#8243; _module_preset=\u00bbdefault\u00bb global_colors_info=\u00bb{}\u00bb][\/kls_button][\/et_pb_column][\/et_pb_row][\/et_pb_section]<\/p>\n","protected":false},"excerpt":{"rendered":"<p>The Kickboxing Society Programe su leccion de prueba&#8230;<\/p>\n","protected":false},"author":1,"featured_media":3329,"parent":3566,"menu_order":0,"comment_status":"closed","ping_status":"closed","template":"location-page.php","meta":{"_acf_changed":false,"_yoast_wpseo_title":"Experimenta el kickboxing en grupo en %%sitename%% Bussum. Mejora tu fuerza, flexibilidad y resiliencia mental. \u00a1Reserva ahora tu clase de prueba gratuita!","_yoast_wpseo_metadesc":"","_et_pb_use_builder":"on","_et_pb_old_content":"","_et_gb_content_width":"","footnotes":""},"categories":[],"class_list":["post-3581","page","type-page","status-publish","has-post-thumbnail","hentry"],"acf":[],"yoast_head":"<!-- This site is optimized with the Yoast SEO plugin v25.0 - https:\/\/yoast.com\/wordpress\/plugins\/seo\/ -->\n<title>Experimenta el kickboxing en grupo en The Kickboxing Society Bussum. Mejora tu fuerza, flexibilidad y resiliencia mental. \u00a1Reserva ahora tu clase de prueba gratuita!<\/title>\n<meta name=\"robots\" content=\"noindex, follow, max-snippet:-1, max-image-preview:large, max-video-preview:-1\" \/>\n<meta property=\"og:locale\" content=\"es_ES\" \/>\n<meta property=\"og:type\" content=\"article\" \/>\n<meta property=\"og:title\" content=\"Experimenta el kickboxing en grupo en The Kickboxing Society Bussum. Mejora tu fuerza, flexibilidad y resiliencia mental. \u00a1Reserva ahora tu clase de prueba gratuita!\" \/>\n<meta property=\"og:description\" content=\"The Kickboxing Society Programe su leccion de prueba...\" \/>\n<meta property=\"og:url\" content=\"https:\/\/thekickboxingsociety.opzet-website.nl\/es\/ubicaciones\/bussum\/\" \/>\n<meta property=\"og:site_name\" content=\"The Kickboxing Society\" \/>\n<meta property=\"article:publisher\" content=\"https:\/\/www.facebook.com\/people\/Kickboxing-Society\/100064106312199\/\" \/>\n<meta property=\"article:modified_time\" content=\"2025-05-09T12:07:52+00:00\" \/>\n<meta property=\"og:image\" content=\"https:\/\/thekickboxingsociety.opzet-website.nl\/wp-content\/uploads\/banner-bussum.jpg\" \/>\n\t<meta property=\"og:image:width\" content=\"1920\" \/>\n\t<meta property=\"og:image:height\" content=\"642\" \/>\n\t<meta property=\"og:image:type\" content=\"image\/jpeg\" \/>\n<meta name=\"twitter:card\" content=\"summary_large_image\" \/>\n<meta name=\"twitter:label1\" content=\"Tiempo de lectura\" \/>\n\t<meta name=\"twitter:data1\" content=\"7 minutos\" \/>\n<script type=\"application\/ld+json\" class=\"yoast-schema-graph\">{\"@context\":\"https:\/\/schema.org\",\"@graph\":[{\"@type\":\"WebPage\",\"@id\":\"https:\/\/thekickboxingsociety.opzet-website.nl\/es\/ubicaciones\/bussum\/\",\"url\":\"https:\/\/thekickboxingsociety.opzet-website.nl\/es\/ubicaciones\/bussum\/\",\"name\":\"Experimenta el kickboxing en grupo en The Kickboxing Society Bussum. Mejora tu fuerza, flexibilidad y resiliencia mental. \u00a1Reserva ahora tu clase de prueba gratuita!\",\"isPartOf\":{\"@id\":\"https:\/\/thekickboxingsociety.opzet-website.nl\/es\/#website\"},\"primaryImageOfPage\":{\"@id\":\"https:\/\/thekickboxingsociety.opzet-website.nl\/es\/ubicaciones\/bussum\/#primaryimage\"},\"image\":{\"@id\":\"https:\/\/thekickboxingsociety.opzet-website.nl\/es\/ubicaciones\/bussum\/#primaryimage\"},\"thumbnailUrl\":\"https:\/\/thekickboxingsociety.opzet-website.nl\/wp-content\/uploads\/banner-bussum.jpg\",\"datePublished\":\"2024-01-19T14:43:06+00:00\",\"dateModified\":\"2025-05-09T12:07:52+00:00\",\"breadcrumb\":{\"@id\":\"https:\/\/thekickboxingsociety.opzet-website.nl\/es\/ubicaciones\/bussum\/#breadcrumb\"},\"inLanguage\":\"es\",\"potentialAction\":[{\"@type\":\"ReadAction\",\"target\":[\"https:\/\/thekickboxingsociety.opzet-website.nl\/es\/ubicaciones\/bussum\/\"]}]},{\"@type\":\"ImageObject\",\"inLanguage\":\"es\",\"@id\":\"https:\/\/thekickboxingsociety.opzet-website.nl\/es\/ubicaciones\/bussum\/#primaryimage\",\"url\":\"https:\/\/thekickboxingsociety.opzet-website.nl\/wp-content\/uploads\/banner-bussum.jpg\",\"contentUrl\":\"https:\/\/thekickboxingsociety.opzet-website.nl\/wp-content\/uploads\/banner-bussum.jpg\",\"width\":1920,\"height\":642},{\"@type\":\"BreadcrumbList\",\"@id\":\"https:\/\/thekickboxingsociety.opzet-website.nl\/es\/ubicaciones\/bussum\/#breadcrumb\",\"itemListElement\":[{\"@type\":\"ListItem\",\"position\":1,\"name\":\"Home\",\"item\":\"https:\/\/thekickboxingsociety.opzet-website.nl\/es\/home\/\"},{\"@type\":\"ListItem\",\"position\":2,\"name\":\"UBICACIONES\",\"item\":\"https:\/\/thekickboxingsociety.opzet-website.nl\/es\/ubicaciones\/\"},{\"@type\":\"ListItem\",\"position\":3,\"name\":\"Bussum\"}]},{\"@type\":\"WebSite\",\"@id\":\"https:\/\/thekickboxingsociety.opzet-website.nl\/es\/#website\",\"url\":\"https:\/\/thekickboxingsociety.opzet-website.nl\/es\/\",\"name\":\"The Kickboxing Society\",\"description\":\"\",\"publisher\":{\"@id\":\"https:\/\/thekickboxingsociety.opzet-website.nl\/es\/#organization\"},\"potentialAction\":[{\"@type\":\"SearchAction\",\"target\":{\"@type\":\"EntryPoint\",\"urlTemplate\":\"https:\/\/thekickboxingsociety.opzet-website.nl\/es\/?s={search_term_string}\"},\"query-input\":{\"@type\":\"PropertyValueSpecification\",\"valueRequired\":true,\"valueName\":\"search_term_string\"}}],\"inLanguage\":\"es\"},{\"@type\":\"Organization\",\"@id\":\"https:\/\/thekickboxingsociety.opzet-website.nl\/es\/#organization\",\"name\":\"The Kickboxing Society\",\"url\":\"https:\/\/thekickboxingsociety.opzet-website.nl\/es\/\",\"logo\":{\"@type\":\"ImageObject\",\"inLanguage\":\"es\",\"@id\":\"https:\/\/thekickboxingsociety.opzet-website.nl\/es\/#\/schema\/logo\/image\/\",\"url\":\"https:\/\/thekickboxingsociety.opzet-website.nl\/wp-content\/uploads\/logo-footer.png\",\"contentUrl\":\"https:\/\/thekickboxingsociety.opzet-website.nl\/wp-content\/uploads\/logo-footer.png\",\"width\":328,\"height\":98,\"caption\":\"The Kickboxing Society\"},\"image\":{\"@id\":\"https:\/\/thekickboxingsociety.opzet-website.nl\/es\/#\/schema\/logo\/image\/\"},\"sameAs\":[\"https:\/\/www.facebook.com\/people\/Kickboxing-Society\/100064106312199\/\",\"https:\/\/www.instagram.com\/thekickboxingsociety\/\",\"https:\/\/www.linkedin.com\/company\/thekickboxingsociety\/\"]}]}<\/script>\n<!-- \/ Yoast SEO plugin. -->","yoast_head_json":{"title":"Experimenta el kickboxing en grupo en The Kickboxing Society Bussum. Mejora tu fuerza, flexibilidad y resiliencia mental. \u00a1Reserva ahora tu clase de prueba gratuita!","robots":{"index":"noindex","follow":"follow","max-snippet":"max-snippet:-1","max-image-preview":"max-image-preview:large","max-video-preview":"max-video-preview:-1"},"og_locale":"es_ES","og_type":"article","og_title":"Experimenta el kickboxing en grupo en The Kickboxing Society Bussum. Mejora tu fuerza, flexibilidad y resiliencia mental. \u00a1Reserva ahora tu clase de prueba gratuita!","og_description":"The Kickboxing Society Programe su leccion de prueba...","og_url":"https:\/\/thekickboxingsociety.opzet-website.nl\/es\/ubicaciones\/bussum\/","og_site_name":"The Kickboxing Society","article_publisher":"https:\/\/www.facebook.com\/people\/Kickboxing-Society\/100064106312199\/","article_modified_time":"2025-05-09T12:07:52+00:00","og_image":[{"width":1920,"height":642,"url":"https:\/\/thekickboxingsociety.opzet-website.nl\/wp-content\/uploads\/banner-bussum.jpg","type":"image\/jpeg"}],"twitter_card":"summary_large_image","twitter_misc":{"Tiempo de lectura":"7 minutos"},"schema":{"@context":"https:\/\/schema.org","@graph":[{"@type":"WebPage","@id":"https:\/\/thekickboxingsociety.opzet-website.nl\/es\/ubicaciones\/bussum\/","url":"https:\/\/thekickboxingsociety.opzet-website.nl\/es\/ubicaciones\/bussum\/","name":"Experimenta el kickboxing en grupo en The Kickboxing Society Bussum. Mejora tu fuerza, flexibilidad y resiliencia mental. \u00a1Reserva ahora tu clase de prueba gratuita!","isPartOf":{"@id":"https:\/\/thekickboxingsociety.opzet-website.nl\/es\/#website"},"primaryImageOfPage":{"@id":"https:\/\/thekickboxingsociety.opzet-website.nl\/es\/ubicaciones\/bussum\/#primaryimage"},"image":{"@id":"https:\/\/thekickboxingsociety.opzet-website.nl\/es\/ubicaciones\/bussum\/#primaryimage"},"thumbnailUrl":"https:\/\/thekickboxingsociety.opzet-website.nl\/wp-content\/uploads\/banner-bussum.jpg","datePublished":"2024-01-19T14:43:06+00:00","dateModified":"2025-05-09T12:07:52+00:00","breadcrumb":{"@id":"https:\/\/thekickboxingsociety.opzet-website.nl\/es\/ubicaciones\/bussum\/#breadcrumb"},"inLanguage":"es","potentialAction":[{"@type":"ReadAction","target":["https:\/\/thekickboxingsociety.opzet-website.nl\/es\/ubicaciones\/bussum\/"]}]},{"@type":"ImageObject","inLanguage":"es","@id":"https:\/\/thekickboxingsociety.opzet-website.nl\/es\/ubicaciones\/bussum\/#primaryimage","url":"https:\/\/thekickboxingsociety.opzet-website.nl\/wp-content\/uploads\/banner-bussum.jpg","contentUrl":"https:\/\/thekickboxingsociety.opzet-website.nl\/wp-content\/uploads\/banner-bussum.jpg","width":1920,"height":642},{"@type":"BreadcrumbList","@id":"https:\/\/thekickboxingsociety.opzet-website.nl\/es\/ubicaciones\/bussum\/#breadcrumb","itemListElement":[{"@type":"ListItem","position":1,"name":"Home","item":"https:\/\/thekickboxingsociety.opzet-website.nl\/es\/home\/"},{"@type":"ListItem","position":2,"name":"UBICACIONES","item":"https:\/\/thekickboxingsociety.opzet-website.nl\/es\/ubicaciones\/"},{"@type":"ListItem","position":3,"name":"Bussum"}]},{"@type":"WebSite","@id":"https:\/\/thekickboxingsociety.opzet-website.nl\/es\/#website","url":"https:\/\/thekickboxingsociety.opzet-website.nl\/es\/","name":"The Kickboxing Society","description":"","publisher":{"@id":"https:\/\/thekickboxingsociety.opzet-website.nl\/es\/#organization"},"potentialAction":[{"@type":"SearchAction","target":{"@type":"EntryPoint","urlTemplate":"https:\/\/thekickboxingsociety.opzet-website.nl\/es\/?s={search_term_string}"},"query-input":{"@type":"PropertyValueSpecification","valueRequired":true,"valueName":"search_term_string"}}],"inLanguage":"es"},{"@type":"Organization","@id":"https:\/\/thekickboxingsociety.opzet-website.nl\/es\/#organization","name":"The Kickboxing Society","url":"https:\/\/thekickboxingsociety.opzet-website.nl\/es\/","logo":{"@type":"ImageObject","inLanguage":"es","@id":"https:\/\/thekickboxingsociety.opzet-website.nl\/es\/#\/schema\/logo\/image\/","url":"https:\/\/thekickboxingsociety.opzet-website.nl\/wp-content\/uploads\/logo-footer.png","contentUrl":"https:\/\/thekickboxingsociety.opzet-website.nl\/wp-content\/uploads\/logo-footer.png","width":328,"height":98,"caption":"The Kickboxing Society"},"image":{"@id":"https:\/\/thekickboxingsociety.opzet-website.nl\/es\/#\/schema\/logo\/image\/"},"sameAs":["https:\/\/www.facebook.com\/people\/Kickboxing-Society\/100064106312199\/","https:\/\/www.instagram.com\/thekickboxingsociety\/","https:\/\/www.linkedin.com\/company\/thekickboxingsociety\/"]}]}},"_links":{"self":[{"href":"https:\/\/thekickboxingsociety.opzet-website.nl\/es\/wp-json\/wp\/v2\/pages\/3581","targetHints":{"allow":["GET"]}}],"collection":[{"href":"https:\/\/thekickboxingsociety.opzet-website.nl\/es\/wp-json\/wp\/v2\/pages"}],"about":[{"href":"https:\/\/thekickboxingsociety.opzet-website.nl\/es\/wp-json\/wp\/v2\/types\/page"}],"author":[{"embeddable":true,"href":"https:\/\/thekickboxingsociety.opzet-website.nl\/es\/wp-json\/wp\/v2\/users\/1"}],"replies":[{"embeddable":true,"href":"https:\/\/thekickboxingsociety.opzet-website.nl\/es\/wp-json\/wp\/v2\/comments?post=3581"}],"version-history":[{"count":18,"href":"https:\/\/thekickboxingsociety.opzet-website.nl\/es\/wp-json\/wp\/v2\/pages\/3581\/revisions"}],"predecessor-version":[{"id":8287,"href":"https:\/\/thekickboxingsociety.opzet-website.nl\/es\/wp-json\/wp\/v2\/pages\/3581\/revisions\/8287"}],"up":[{"embeddable":true,"href":"https:\/\/thekickboxingsociety.opzet-website.nl\/es\/wp-json\/wp\/v2\/pages\/3566"}],"wp:featuredmedia":[{"embeddable":true,"href":"https:\/\/thekickboxingsociety.opzet-website.nl\/es\/wp-json\/wp\/v2\/media\/3329"}],"wp:attachment":[{"href":"https:\/\/thekickboxingsociety.opzet-website.nl\/es\/wp-json\/wp\/v2\/media?parent=3581"}],"wp:term":[{"taxonomy":"category","embeddable":true,"href":"https:\/\/thekickboxingsociety.opzet-website.nl\/es\/wp-json\/wp\/v2\/categories?post=3581"}],"curies":[{"name":"wp","href":"https:\/\/api.w.org\/{rel}","templated":true}]}}