{"id":3614,"date":"2023-03-17T18:03:47","date_gmt":"2023-03-17T17:03:47","guid":{"rendered":"https:\/\/thekickboxingsociety.opzet-website.nl\/declaracion-de-privacidad\/"},"modified":"2024-06-20T11:56:55","modified_gmt":"2024-06-20T09:56:55","slug":"declaracion-de-privacidad","status":"publish","type":"page","link":"https:\/\/thekickboxingsociety.opzet-website.nl\/es\/declaracion-de-privacidad\/","title":{"rendered":"DECLARACI\u00d3N DE PRIVACIDAD"},"content":{"rendered":"<p>[et_pb_section fb_built=\u00bb1&#8243; _builder_version=\u00bb4.16&#8243; global_colors_info=\u00bb{}\u00bb][et_pb_row _builder_version=\u00bb4.16&#8243; background_size=\u00bbinitial\u00bb background_position=\u00bbtop_left\u00bb background_repeat=\u00bbrepeat\u00bb global_colors_info=\u00bb{}\u00bb][et_pb_column type=\u00bb4_4&#8243; _builder_version=\u00bb4.16&#8243; custom_padding=\u00bb|||\u00bb global_colors_info=\u00bb{}\u00bb custom_padding__hover=\u00bb|||\u00bb][et_pb_text _builder_version=\u00bb4.24.0&#8243; header_text_color=\u00bb#000000&#8243; background_size=\u00bbinitial\u00bb background_position=\u00bbtop_left\u00bb background_repeat=\u00bbrepeat\u00bb hover_enabled=\u00bb0&#8243; global_colors_info=\u00bb{}\u00bb sticky_enabled=\u00bb0&#8243;]<\/p>\n<h1>DECLARACI\u00d3N DE PRIVACIDA<\/h1>\n<p>La presente declaraci\u00f3n de privacidad fue modificada por \u00faltima vez el 21 de febrero de 2024.<\/p>\n<p>Somos conscientes de que depositas tu confianza en nosotros. Por eso consideramos que es nuestra responsabilidad proteger tu privacidad. En la presente declaraci\u00f3n de privacidad explicamos qu\u00e9 ocurre con esta informaci\u00f3n. En esta p\u00e1gina te informamos de qu\u00e9 tipo de datos recopilamos cuando usas nuestro sitio web, por qu\u00e9 recopilamos estos datos y c\u00f3mo los utilizamos para mejorar tu experiencia de usuario.   <\/p>\n<p>The Kickboxing Society respeta la privacidad de todos los usuarios de su sitio y garantiza la confidencialidad de la informaci\u00f3n personal que nos facilites. Te aconsejamos que consultes esta p\u00e1gina m\u00e1s a menudo para estar al tanto de cualquier cambio que se pueda dar. <\/p>\n<h2>APLICABILIDAD<\/h2>\n<p>La presente declaraci\u00f3n de privacidad se aplica a todos los datos personales que tratamos. Se trata de datos personales que proporcionas para ponerte en contacto con <a href=\"mailto:info@thekickboxingsociety.com\">info@thekickboxingsociety.com<\/a>.  Tratamos los datos personales de clientes que se hayan puesto en contacto con nosotros o que hayan visitado el sitio web.<\/p>\n<h2>NUESTRO USO DE LOS DATOS RECOPILADOS<\/h2>\n<h3>NUESTROS<\/h3>\n<p>Cuando te suscribes a uno de nuestros servicios te solicitamos que nos facilites datos personales o de tu empresa. Estos datos se utilizan para realizar el servicio. Los datos se almacenan en servidores seguros de Fitleads o de terceros.  <\/p>\n<h3>COMUNICACI\u00d3N<\/h3>\n<p>Cuando nos env\u00edas un correo electr\u00f3nico u otros mensajes podemos almacenarlos. A veces te pediremos datos personales que sean relevantes con la situaci\u00f3n en cuesti\u00f3n. Esto nos permite contestar tus preguntas y responder a tus peticiones. Los datos se almacenan en servidores seguros de Fitleads o de terceros. No combinaremos estos datos con otros datos personales de los que dispongamos.    <\/p>\n<h3>Cookies<\/h3>\n<p>Recopilamos datos para investigaci\u00f3n y as\u00ed conocer mejor a nuestros clientes y poder adaptar nuestros servicios en consecuencia.<\/p>\n<p>El presente sitio web hace uso de \u00abcookies\u00bb (archivos de texto que se colocan en tu ordenador) para ayudar al sitio web a analizar c\u00f3mo lo utilizan los usuarios. La informaci\u00f3n generada por la cookie sobre tu uso del sitio web se puede transmitir a servidores seguros de Nombre de cliente o a los de un tercero. Hacemos uso de esta informaci\u00f3n para saber c\u00f3mo utilizar el sitio web, elaborar informes sobre la actividad del sitio web y ofrecer otros servicios en relaci\u00f3n con la actividad del sitio web y el uso de Internet.  <\/p>\n<h3>OBJETIVOS<\/h3>\n<p>No recopilamos ni utilizamos informaci\u00f3n para fines distintos de los descritos en la presente pol\u00edtica de privacidad, salvo que nos hayas dado tu consentimiento previo.<\/p>\n<p>\u00bfQu\u00e9 datos personales procesa The Kickboxing Society?<br \/>\u2013 Nombre\/apellidos;<br \/>&#8211; Direcci\u00f3n (si se deja solo);<br \/>&#8211; Correo electr\u00f3nico;;<br \/>&#8211; N\u00famero de tel\u00e9fono.<\/p>\n<p>Conservamos tus datos personales el tiempo que exige la ley. Si has suscrito un contrato con The Kickboxing Society conservamos tus datos seg\u00fan el plazo de conservaci\u00f3n de siete a\u00f1os determinado por ley. <\/p>\n<h3>TERCEROS<\/h3>\n<p>La informaci\u00f3n no se comparte con terceros. En algunos casos, la informaci\u00f3n puede compartirse internamente. Nuestros empleados est\u00e1n obligados a respetar la confidencialidad de tus datos.  <\/p>\n<h2>DESHABILITAR COOKIES<\/h2>\n<p>La mayor\u00eda de los navegadores est\u00e1n configurados para aceptar cookies por defecto, pero puedes configurar tu navegador para que rechace todas las cookies o para que indique cu\u00e1ndo se env\u00eda una cookie. Sin embargo, es posible que algunas funciones y servicios, tanto en nuestro sitio web como en otros, no funcionen correctamente si las cookies est\u00e1n desactivadas en tu navegador. <br \/>Hacemos uso de los siguientes tipos de cookies en nuestro sitio web:<br \/>&#8211; Cookies funcionales;<br \/>\u2013 Cookies anal\u00edticas no anonimizadas<br \/>\u2013 Google Analytics.<\/p>\n<h2>TUS DERECHOS<\/h2>\n<p>Tienes derecho de acceso, correcci\u00f3n y oposici\u00f3n al tratamiento de tus datos. Podr\u00e1s ponerte en contacto con nosotros en todo momento por correo electr\u00f3nico para hacernos una pregunta sobre la presente declaraci\u00f3n de privacidad. <\/p>\n<p>&nbsp;<\/p>\n<h2>DATOS PERSONALES Y POL\u00cdTICA DE PRIVACIDAD<\/h2>\n<p>1. El Consumidor es consciente de que facilita determinados datos personales al Empresario, como el nombre, la direcci\u00f3n postal y la direcci\u00f3n de correo electr\u00f3nico, entre otros.<\/p>\n<p>2. El Consumidor acepta el tratamiento de estos datos personales, entre otras cosas, en relaci\u00f3n con la creaci\u00f3n de abonos, comunicaci\u00f3n, facturaci\u00f3n y la mejora de nuestros servicios.<\/p>\n<p>3. El Consumidor es consciente y acepta que el Empresario vigila las instalaciones en todo momento a trav\u00e9s de c\u00e1maras de seguridad que graban 24 horas todos los d\u00edas de la semana.<\/p>\n<p>4. El Empresario tambi\u00e9n se reserva el derecho de hacer grabaciones en las instalaciones y durante las clases, con fines de mejora del servicio, la comunicaci\u00f3n y la promoci\u00f3n. En su caso, el Empresario informar\u00e1 al Consumidor al respecto a tiempo. <\/p>\n<p>5. El Empresario es en todo momento el titular de los derechos del material visual que ha elaborado.<\/p>\n<p>6. El Empresario no deber\u00e1 compensar en ning\u00fan caso al Consumidor debido a las grabaciones. El Consumidor tambi\u00e9n es consciente de que si se infringen las normas de la casa del Empresario o las leyes y reglamentos del Empresario, las im\u00e1genes se pueden entregar a la polic\u00eda. <\/p>\n<p>[\/et_pb_text][\/et_pb_column][\/et_pb_row][\/et_pb_section]<\/p>\n","protected":false},"excerpt":{"rendered":"<p>DECLARACI\u00d3N DE PRIVACIDA La presente declaraci\u00f3n de&#8230;<\/p>\n","protected":false},"author":1,"featured_media":0,"parent":0,"menu_order":0,"comment_status":"closed","ping_status":"closed","template":"","meta":{"_acf_changed":false,"_yoast_wpseo_title":"Pol\u00edtica de Cookies | Conozca el Uso de Cookies | The Kickboxing Society","_yoast_wpseo_metadesc":"","_et_pb_use_builder":"on","_et_pb_old_content":"","_et_gb_content_width":"","footnotes":""},"categories":[],"class_list":["post-3614","page","type-page","status-publish","hentry"],"acf":[],"yoast_head":"<!-- This site is optimized with the Yoast SEO plugin v25.0 - https:\/\/yoast.com\/wordpress\/plugins\/seo\/ -->\n<title>Pol\u00edtica de Cookies | Conozca el Uso de Cookies | The Kickboxing Society<\/title>\n<meta name=\"robots\" content=\"noindex, follow, max-snippet:-1, max-image-preview:large, max-video-preview:-1\" \/>\n<meta property=\"og:locale\" content=\"es_ES\" \/>\n<meta property=\"og:type\" content=\"article\" \/>\n<meta property=\"og:title\" content=\"Pol\u00edtica de Cookies | Conozca el Uso de Cookies | The Kickboxing Society\" \/>\n<meta property=\"og:description\" content=\"DECLARACI\u00d3N DE PRIVACIDA La presente declaraci\u00f3n de...\" \/>\n<meta property=\"og:url\" content=\"https:\/\/thekickboxingsociety.opzet-website.nl\/es\/declaracion-de-privacidad\/\" \/>\n<meta property=\"og:site_name\" content=\"The Kickboxing Society\" \/>\n<meta property=\"article:publisher\" content=\"https:\/\/www.facebook.com\/people\/Kickboxing-Society\/100064106312199\/\" \/>\n<meta property=\"article:modified_time\" content=\"2024-06-20T09:56:55+00:00\" \/>\n<meta property=\"og:image\" content=\"https:\/\/thekickboxingsociety.opzet-website.nl\/wp-content\/uploads\/kickboks-les.jpg\" \/>\n\t<meta property=\"og:image:width\" content=\"1051\" \/>\n\t<meta property=\"og:image:height\" content=\"555\" \/>\n\t<meta property=\"og:image:type\" content=\"image\/jpeg\" \/>\n<meta name=\"twitter:card\" content=\"summary_large_image\" \/>\n<meta name=\"twitter:label1\" content=\"Tiempo de lectura\" \/>\n\t<meta name=\"twitter:data1\" content=\"5 minutos\" \/>\n<script type=\"application\/ld+json\" class=\"yoast-schema-graph\">{\"@context\":\"https:\/\/schema.org\",\"@graph\":[{\"@type\":\"WebPage\",\"@id\":\"https:\/\/thekickboxingsociety.opzet-website.nl\/es\/declaracion-de-privacidad\/\",\"url\":\"https:\/\/thekickboxingsociety.opzet-website.nl\/es\/declaracion-de-privacidad\/\",\"name\":\"Pol\u00edtica de Cookies | Conozca el Uso de Cookies | The Kickboxing Society\",\"isPartOf\":{\"@id\":\"https:\/\/thekickboxingsociety.opzet-website.nl\/es\/#website\"},\"datePublished\":\"2023-03-17T17:03:47+00:00\",\"dateModified\":\"2024-06-20T09:56:55+00:00\",\"breadcrumb\":{\"@id\":\"https:\/\/thekickboxingsociety.opzet-website.nl\/es\/declaracion-de-privacidad\/#breadcrumb\"},\"inLanguage\":\"es\",\"potentialAction\":[{\"@type\":\"ReadAction\",\"target\":[\"https:\/\/thekickboxingsociety.opzet-website.nl\/es\/declaracion-de-privacidad\/\"]}]},{\"@type\":\"BreadcrumbList\",\"@id\":\"https:\/\/thekickboxingsociety.opzet-website.nl\/es\/declaracion-de-privacidad\/#breadcrumb\",\"itemListElement\":[{\"@type\":\"ListItem\",\"position\":1,\"name\":\"Home\",\"item\":\"https:\/\/thekickboxingsociety.opzet-website.nl\/es\/home\/\"},{\"@type\":\"ListItem\",\"position\":2,\"name\":\"DECLARACI\u00d3N DE PRIVACIDAD\"}]},{\"@type\":\"WebSite\",\"@id\":\"https:\/\/thekickboxingsociety.opzet-website.nl\/es\/#website\",\"url\":\"https:\/\/thekickboxingsociety.opzet-website.nl\/es\/\",\"name\":\"The Kickboxing Society\",\"description\":\"\",\"publisher\":{\"@id\":\"https:\/\/thekickboxingsociety.opzet-website.nl\/es\/#organization\"},\"potentialAction\":[{\"@type\":\"SearchAction\",\"target\":{\"@type\":\"EntryPoint\",\"urlTemplate\":\"https:\/\/thekickboxingsociety.opzet-website.nl\/es\/?s={search_term_string}\"},\"query-input\":{\"@type\":\"PropertyValueSpecification\",\"valueRequired\":true,\"valueName\":\"search_term_string\"}}],\"inLanguage\":\"es\"},{\"@type\":\"Organization\",\"@id\":\"https:\/\/thekickboxingsociety.opzet-website.nl\/es\/#organization\",\"name\":\"The Kickboxing Society\",\"url\":\"https:\/\/thekickboxingsociety.opzet-website.nl\/es\/\",\"logo\":{\"@type\":\"ImageObject\",\"inLanguage\":\"es\",\"@id\":\"https:\/\/thekickboxingsociety.opzet-website.nl\/es\/#\/schema\/logo\/image\/\",\"url\":\"https:\/\/thekickboxingsociety.opzet-website.nl\/wp-content\/uploads\/logo-footer.png\",\"contentUrl\":\"https:\/\/thekickboxingsociety.opzet-website.nl\/wp-content\/uploads\/logo-footer.png\",\"width\":328,\"height\":98,\"caption\":\"The Kickboxing Society\"},\"image\":{\"@id\":\"https:\/\/thekickboxingsociety.opzet-website.nl\/es\/#\/schema\/logo\/image\/\"},\"sameAs\":[\"https:\/\/www.facebook.com\/people\/Kickboxing-Society\/100064106312199\/\",\"https:\/\/www.instagram.com\/thekickboxingsociety\/\",\"https:\/\/www.linkedin.com\/company\/thekickboxingsociety\/\"]}]}<\/script>\n<!-- \/ Yoast SEO plugin. -->","yoast_head_json":{"title":"Pol\u00edtica de Cookies | Conozca el Uso de Cookies | The Kickboxing Society","robots":{"index":"noindex","follow":"follow","max-snippet":"max-snippet:-1","max-image-preview":"max-image-preview:large","max-video-preview":"max-video-preview:-1"},"og_locale":"es_ES","og_type":"article","og_title":"Pol\u00edtica de Cookies | Conozca el Uso de Cookies | The Kickboxing Society","og_description":"DECLARACI\u00d3N DE PRIVACIDA La presente declaraci\u00f3n de...","og_url":"https:\/\/thekickboxingsociety.opzet-website.nl\/es\/declaracion-de-privacidad\/","og_site_name":"The Kickboxing Society","article_publisher":"https:\/\/www.facebook.com\/people\/Kickboxing-Society\/100064106312199\/","article_modified_time":"2024-06-20T09:56:55+00:00","og_image":[{"width":1051,"height":555,"url":"https:\/\/thekickboxingsociety.opzet-website.nl\/wp-content\/uploads\/kickboks-les.jpg","type":"image\/jpeg"}],"twitter_card":"summary_large_image","twitter_misc":{"Tiempo de lectura":"5 minutos"},"schema":{"@context":"https:\/\/schema.org","@graph":[{"@type":"WebPage","@id":"https:\/\/thekickboxingsociety.opzet-website.nl\/es\/declaracion-de-privacidad\/","url":"https:\/\/thekickboxingsociety.opzet-website.nl\/es\/declaracion-de-privacidad\/","name":"Pol\u00edtica de Cookies | Conozca el Uso de Cookies | The Kickboxing Society","isPartOf":{"@id":"https:\/\/thekickboxingsociety.opzet-website.nl\/es\/#website"},"datePublished":"2023-03-17T17:03:47+00:00","dateModified":"2024-06-20T09:56:55+00:00","breadcrumb":{"@id":"https:\/\/thekickboxingsociety.opzet-website.nl\/es\/declaracion-de-privacidad\/#breadcrumb"},"inLanguage":"es","potentialAction":[{"@type":"ReadAction","target":["https:\/\/thekickboxingsociety.opzet-website.nl\/es\/declaracion-de-privacidad\/"]}]},{"@type":"BreadcrumbList","@id":"https:\/\/thekickboxingsociety.opzet-website.nl\/es\/declaracion-de-privacidad\/#breadcrumb","itemListElement":[{"@type":"ListItem","position":1,"name":"Home","item":"https:\/\/thekickboxingsociety.opzet-website.nl\/es\/home\/"},{"@type":"ListItem","position":2,"name":"DECLARACI\u00d3N DE PRIVACIDAD"}]},{"@type":"WebSite","@id":"https:\/\/thekickboxingsociety.opzet-website.nl\/es\/#website","url":"https:\/\/thekickboxingsociety.opzet-website.nl\/es\/","name":"The Kickboxing Society","description":"","publisher":{"@id":"https:\/\/thekickboxingsociety.opzet-website.nl\/es\/#organization"},"potentialAction":[{"@type":"SearchAction","target":{"@type":"EntryPoint","urlTemplate":"https:\/\/thekickboxingsociety.opzet-website.nl\/es\/?s={search_term_string}"},"query-input":{"@type":"PropertyValueSpecification","valueRequired":true,"valueName":"search_term_string"}}],"inLanguage":"es"},{"@type":"Organization","@id":"https:\/\/thekickboxingsociety.opzet-website.nl\/es\/#organization","name":"The Kickboxing Society","url":"https:\/\/thekickboxingsociety.opzet-website.nl\/es\/","logo":{"@type":"ImageObject","inLanguage":"es","@id":"https:\/\/thekickboxingsociety.opzet-website.nl\/es\/#\/schema\/logo\/image\/","url":"https:\/\/thekickboxingsociety.opzet-website.nl\/wp-content\/uploads\/logo-footer.png","contentUrl":"https:\/\/thekickboxingsociety.opzet-website.nl\/wp-content\/uploads\/logo-footer.png","width":328,"height":98,"caption":"The Kickboxing Society"},"image":{"@id":"https:\/\/thekickboxingsociety.opzet-website.nl\/es\/#\/schema\/logo\/image\/"},"sameAs":["https:\/\/www.facebook.com\/people\/Kickboxing-Society\/100064106312199\/","https:\/\/www.instagram.com\/thekickboxingsociety\/","https:\/\/www.linkedin.com\/company\/thekickboxingsociety\/"]}]}},"_links":{"self":[{"href":"https:\/\/thekickboxingsociety.opzet-website.nl\/es\/wp-json\/wp\/v2\/pages\/3614","targetHints":{"allow":["GET"]}}],"collection":[{"href":"https:\/\/thekickboxingsociety.opzet-website.nl\/es\/wp-json\/wp\/v2\/pages"}],"about":[{"href":"https:\/\/thekickboxingsociety.opzet-website.nl\/es\/wp-json\/wp\/v2\/types\/page"}],"author":[{"embeddable":true,"href":"https:\/\/thekickboxingsociety.opzet-website.nl\/es\/wp-json\/wp\/v2\/users\/1"}],"replies":[{"embeddable":true,"href":"https:\/\/thekickboxingsociety.opzet-website.nl\/es\/wp-json\/wp\/v2\/comments?post=3614"}],"version-history":[{"count":8,"href":"https:\/\/thekickboxingsociety.opzet-website.nl\/es\/wp-json\/wp\/v2\/pages\/3614\/revisions"}],"predecessor-version":[{"id":4823,"href":"https:\/\/thekickboxingsociety.opzet-website.nl\/es\/wp-json\/wp\/v2\/pages\/3614\/revisions\/4823"}],"wp:attachment":[{"href":"https:\/\/thekickboxingsociety.opzet-website.nl\/es\/wp-json\/wp\/v2\/media?parent=3614"}],"wp:term":[{"taxonomy":"category","embeddable":true,"href":"https:\/\/thekickboxingsociety.opzet-website.nl\/es\/wp-json\/wp\/v2\/categories?post=3614"}],"curies":[{"name":"wp","href":"https:\/\/api.w.org\/{rel}","templated":true}]}}