{"id":3620,"date":"2023-03-17T18:03:47","date_gmt":"2023-03-17T17:03:47","guid":{"rendered":"https:\/\/thekickboxingsociety.opzet-website.nl\/politica-de-cookies\/"},"modified":"2024-06-20T11:55:30","modified_gmt":"2024-06-20T09:55:30","slug":"politica-de-cookies","status":"publish","type":"page","link":"https:\/\/thekickboxingsociety.opzet-website.nl\/es\/politica-de-cookies\/","title":{"rendered":"POL\u00cdTICA DE COOKIES"},"content":{"rendered":"<p>[et_pb_section fb_built=\u00bb1&#8243; _builder_version=\u00bb4.16&#8243; global_colors_info=\u00bb{}\u00bb][et_pb_row _builder_version=\u00bb4.16&#8243; background_size=\u00bbinitial\u00bb background_position=\u00bbtop_left\u00bb background_repeat=\u00bbrepeat\u00bb global_colors_info=\u00bb{}\u00bb][et_pb_column type=\u00bb4_4&#8243; _builder_version=\u00bb4.16&#8243; custom_padding=\u00bb|||\u00bb global_colors_info=\u00bb{}\u00bb custom_padding__hover=\u00bb|||\u00bb][et_pb_text _builder_version=\u00bb4.24.0&#8243; header_text_color=\u00bb#000000&#8243; background_size=\u00bbinitial\u00bb background_position=\u00bbtop_left\u00bb background_repeat=\u00bbrepeat\u00bb hover_enabled=\u00bb0&#8243; global_colors_info=\u00bb{}\u00bb sticky_enabled=\u00bb0&#8243;]<\/p>\n<h1>POL\u00cdTICA DE COOKIES<\/h1>\n<p>The Kickboxing Society hace uso de varios tipos de cookies (peque\u00f1os archivos de texto que se almacenan en tu dispositivo) y tecnolog\u00edas similares, que recopilan datos necesarios para prestar nuestros servicios.<\/p>\n<p>Las cookies nos permiten, entre otras cosas: almacenar tus preferencias y configuraci\u00f3n, combatir el fraude, proporcionar un formulario de contacto, integrar las redes sociales y analizar el rendimiento de nuestro sitio web y prestar nuestros servicios en l\u00ednea.<\/p>\n<p>Para la colocaci\u00f3n de cookies funcionales y el uso limitado de cookies anal\u00edticas, que, entre otras cosas, son necesarias para que un servicio funcione, The Kickboxing Society no requiere tu consentimiento previo como visitante. Las cookies funcionales son, por ejemplo, archivos que rastrean lo que se encuentra digitalmente en una cesta de la compra. Las cookies anal\u00edticas se utilizan, entre otras cosas, para hacer un seguimiento del n\u00famero de visitas y mejorar el sitio web. Estas cookies deber\u00edan tener poco o ning\u00fan impacto en la privacidad del visitante.   <\/p>\n<p>Todo el resto de cookies, como las cookies de seguimiento, solo se utilizar\u00e1n si das el consentimiento previo a The Kickboxing Society.<\/p>\n<p>Al pulsar el bot\u00f3n \u00ab\u00a1Continuar!\u00bb das tu consentimiento al uso de cookies y al tratamiento de los datos (personales) que se han recopilado y procesado con la ayuda de las cookies.<\/p>\n<p>Las ventanas emergentes se encargan de pedir el consentimiento previo al visitante del sitio web. Este es el caso si, por ejemplo, los datos estad\u00edsticos tambi\u00e9n se utilizan para la elaboraci\u00f3n de perfiles de visitantes. <\/p>\n<p>Las cookies (y otras t\u00e9cnicas similares, como javascript) se encargan, por ejemplo, de que no cierres la sesi\u00f3n en un sitio web o que se guarden los ajustes de ubicaci\u00f3n y de idioma (funcionales).<\/p>\n<p>Las cookies tambi\u00e9n permiten a los propietarios de sitios web conocer con qu\u00e9 frecuencia los visitan y qu\u00e9 p\u00e1ginas consultan (estad\u00edsticas). Las cookies se activan cuando se usa un bot\u00f3n de \u00abMe gusta\u00bb, por ejemplo (en redes sociales). <\/p>\n<p>Las cookies tambi\u00e9n permiten rastrear informaci\u00f3n sobre tu uso de varios sitios web (cookie de seguimiento). El uso de cookies en la informaci\u00f3n recopilada por The Kickboxing Society est\u00e1 sujeto a nuestra pol\u00edtica de privacidad y cookies. <\/p>\n<p>Encontrar\u00e1s m\u00e1s informaci\u00f3n sobre el tratamiento de los datos (personales) en nuestra <a href=\"https:\/\/thekickboxingsociety.opzet-website.nl\/es\/declaracion-de-privacidad\/\">declaraci\u00f3n de privacidad<\/a>.<\/p>\n<p>[\/et_pb_text][\/et_pb_column][\/et_pb_row][\/et_pb_section]<\/p>\n","protected":false},"excerpt":{"rendered":"<p>POL\u00cdTICA DE COOKIES The Kickboxing Society hace uso&#8230;<\/p>\n","protected":false},"author":1,"featured_media":0,"parent":0,"menu_order":0,"comment_status":"closed","ping_status":"closed","template":"","meta":{"_acf_changed":false,"_yoast_wpseo_title":"Declaraci\u00f3n de Privacidad | The Kickboxing Society","_yoast_wpseo_metadesc":"","_et_pb_use_builder":"on","_et_pb_old_content":"","_et_gb_content_width":"","footnotes":""},"categories":[],"class_list":["post-3620","page","type-page","status-publish","hentry"],"acf":[],"yoast_head":"<!-- This site is optimized with the Yoast SEO plugin v25.0 - https:\/\/yoast.com\/wordpress\/plugins\/seo\/ -->\n<title>Declaraci\u00f3n de Privacidad | The Kickboxing Society<\/title>\n<meta name=\"robots\" content=\"noindex, follow, max-snippet:-1, max-image-preview:large, max-video-preview:-1\" \/>\n<meta property=\"og:locale\" content=\"es_ES\" \/>\n<meta property=\"og:type\" content=\"article\" \/>\n<meta property=\"og:title\" content=\"Declaraci\u00f3n de Privacidad | The Kickboxing Society\" \/>\n<meta property=\"og:description\" content=\"POL\u00cdTICA DE COOKIES The Kickboxing Society hace uso...\" \/>\n<meta property=\"og:url\" content=\"https:\/\/thekickboxingsociety.opzet-website.nl\/es\/politica-de-cookies\/\" \/>\n<meta property=\"og:site_name\" content=\"The Kickboxing Society\" \/>\n<meta property=\"article:publisher\" content=\"https:\/\/www.facebook.com\/people\/Kickboxing-Society\/100064106312199\/\" \/>\n<meta property=\"article:modified_time\" content=\"2024-06-20T09:55:30+00:00\" \/>\n<meta property=\"og:image\" content=\"https:\/\/thekickboxingsociety.opzet-website.nl\/wp-content\/uploads\/kickboks-les.jpg\" \/>\n\t<meta property=\"og:image:width\" content=\"1051\" \/>\n\t<meta property=\"og:image:height\" content=\"555\" \/>\n\t<meta property=\"og:image:type\" content=\"image\/jpeg\" \/>\n<meta name=\"twitter:card\" content=\"summary_large_image\" \/>\n<meta name=\"twitter:label1\" content=\"Tiempo de lectura\" \/>\n\t<meta name=\"twitter:data1\" content=\"2 minutos\" \/>\n<script type=\"application\/ld+json\" class=\"yoast-schema-graph\">{\"@context\":\"https:\/\/schema.org\",\"@graph\":[{\"@type\":\"WebPage\",\"@id\":\"https:\/\/thekickboxingsociety.opzet-website.nl\/es\/politica-de-cookies\/\",\"url\":\"https:\/\/thekickboxingsociety.opzet-website.nl\/es\/politica-de-cookies\/\",\"name\":\"Declaraci\u00f3n de Privacidad | The Kickboxing Society\",\"isPartOf\":{\"@id\":\"https:\/\/thekickboxingsociety.opzet-website.nl\/es\/#website\"},\"datePublished\":\"2023-03-17T17:03:47+00:00\",\"dateModified\":\"2024-06-20T09:55:30+00:00\",\"breadcrumb\":{\"@id\":\"https:\/\/thekickboxingsociety.opzet-website.nl\/es\/politica-de-cookies\/#breadcrumb\"},\"inLanguage\":\"es\",\"potentialAction\":[{\"@type\":\"ReadAction\",\"target\":[\"https:\/\/thekickboxingsociety.opzet-website.nl\/es\/politica-de-cookies\/\"]}]},{\"@type\":\"BreadcrumbList\",\"@id\":\"https:\/\/thekickboxingsociety.opzet-website.nl\/es\/politica-de-cookies\/#breadcrumb\",\"itemListElement\":[{\"@type\":\"ListItem\",\"position\":1,\"name\":\"Home\",\"item\":\"https:\/\/thekickboxingsociety.opzet-website.nl\/es\/home\/\"},{\"@type\":\"ListItem\",\"position\":2,\"name\":\"POL\u00cdTICA DE COOKIES\"}]},{\"@type\":\"WebSite\",\"@id\":\"https:\/\/thekickboxingsociety.opzet-website.nl\/es\/#website\",\"url\":\"https:\/\/thekickboxingsociety.opzet-website.nl\/es\/\",\"name\":\"The Kickboxing Society\",\"description\":\"\",\"publisher\":{\"@id\":\"https:\/\/thekickboxingsociety.opzet-website.nl\/es\/#organization\"},\"potentialAction\":[{\"@type\":\"SearchAction\",\"target\":{\"@type\":\"EntryPoint\",\"urlTemplate\":\"https:\/\/thekickboxingsociety.opzet-website.nl\/es\/?s={search_term_string}\"},\"query-input\":{\"@type\":\"PropertyValueSpecification\",\"valueRequired\":true,\"valueName\":\"search_term_string\"}}],\"inLanguage\":\"es\"},{\"@type\":\"Organization\",\"@id\":\"https:\/\/thekickboxingsociety.opzet-website.nl\/es\/#organization\",\"name\":\"The Kickboxing Society\",\"url\":\"https:\/\/thekickboxingsociety.opzet-website.nl\/es\/\",\"logo\":{\"@type\":\"ImageObject\",\"inLanguage\":\"es\",\"@id\":\"https:\/\/thekickboxingsociety.opzet-website.nl\/es\/#\/schema\/logo\/image\/\",\"url\":\"https:\/\/thekickboxingsociety.opzet-website.nl\/wp-content\/uploads\/logo-footer.png\",\"contentUrl\":\"https:\/\/thekickboxingsociety.opzet-website.nl\/wp-content\/uploads\/logo-footer.png\",\"width\":328,\"height\":98,\"caption\":\"The Kickboxing Society\"},\"image\":{\"@id\":\"https:\/\/thekickboxingsociety.opzet-website.nl\/es\/#\/schema\/logo\/image\/\"},\"sameAs\":[\"https:\/\/www.facebook.com\/people\/Kickboxing-Society\/100064106312199\/\",\"https:\/\/www.instagram.com\/thekickboxingsociety\/\",\"https:\/\/www.linkedin.com\/company\/thekickboxingsociety\/\"]}]}<\/script>\n<!-- \/ Yoast SEO plugin. -->","yoast_head_json":{"title":"Declaraci\u00f3n de Privacidad | The Kickboxing Society","robots":{"index":"noindex","follow":"follow","max-snippet":"max-snippet:-1","max-image-preview":"max-image-preview:large","max-video-preview":"max-video-preview:-1"},"og_locale":"es_ES","og_type":"article","og_title":"Declaraci\u00f3n de Privacidad | The Kickboxing Society","og_description":"POL\u00cdTICA DE COOKIES The Kickboxing Society hace uso...","og_url":"https:\/\/thekickboxingsociety.opzet-website.nl\/es\/politica-de-cookies\/","og_site_name":"The Kickboxing Society","article_publisher":"https:\/\/www.facebook.com\/people\/Kickboxing-Society\/100064106312199\/","article_modified_time":"2024-06-20T09:55:30+00:00","og_image":[{"width":1051,"height":555,"url":"https:\/\/thekickboxingsociety.opzet-website.nl\/wp-content\/uploads\/kickboks-les.jpg","type":"image\/jpeg"}],"twitter_card":"summary_large_image","twitter_misc":{"Tiempo de lectura":"2 minutos"},"schema":{"@context":"https:\/\/schema.org","@graph":[{"@type":"WebPage","@id":"https:\/\/thekickboxingsociety.opzet-website.nl\/es\/politica-de-cookies\/","url":"https:\/\/thekickboxingsociety.opzet-website.nl\/es\/politica-de-cookies\/","name":"Declaraci\u00f3n de Privacidad | The Kickboxing Society","isPartOf":{"@id":"https:\/\/thekickboxingsociety.opzet-website.nl\/es\/#website"},"datePublished":"2023-03-17T17:03:47+00:00","dateModified":"2024-06-20T09:55:30+00:00","breadcrumb":{"@id":"https:\/\/thekickboxingsociety.opzet-website.nl\/es\/politica-de-cookies\/#breadcrumb"},"inLanguage":"es","potentialAction":[{"@type":"ReadAction","target":["https:\/\/thekickboxingsociety.opzet-website.nl\/es\/politica-de-cookies\/"]}]},{"@type":"BreadcrumbList","@id":"https:\/\/thekickboxingsociety.opzet-website.nl\/es\/politica-de-cookies\/#breadcrumb","itemListElement":[{"@type":"ListItem","position":1,"name":"Home","item":"https:\/\/thekickboxingsociety.opzet-website.nl\/es\/home\/"},{"@type":"ListItem","position":2,"name":"POL\u00cdTICA DE COOKIES"}]},{"@type":"WebSite","@id":"https:\/\/thekickboxingsociety.opzet-website.nl\/es\/#website","url":"https:\/\/thekickboxingsociety.opzet-website.nl\/es\/","name":"The Kickboxing Society","description":"","publisher":{"@id":"https:\/\/thekickboxingsociety.opzet-website.nl\/es\/#organization"},"potentialAction":[{"@type":"SearchAction","target":{"@type":"EntryPoint","urlTemplate":"https:\/\/thekickboxingsociety.opzet-website.nl\/es\/?s={search_term_string}"},"query-input":{"@type":"PropertyValueSpecification","valueRequired":true,"valueName":"search_term_string"}}],"inLanguage":"es"},{"@type":"Organization","@id":"https:\/\/thekickboxingsociety.opzet-website.nl\/es\/#organization","name":"The Kickboxing Society","url":"https:\/\/thekickboxingsociety.opzet-website.nl\/es\/","logo":{"@type":"ImageObject","inLanguage":"es","@id":"https:\/\/thekickboxingsociety.opzet-website.nl\/es\/#\/schema\/logo\/image\/","url":"https:\/\/thekickboxingsociety.opzet-website.nl\/wp-content\/uploads\/logo-footer.png","contentUrl":"https:\/\/thekickboxingsociety.opzet-website.nl\/wp-content\/uploads\/logo-footer.png","width":328,"height":98,"caption":"The Kickboxing Society"},"image":{"@id":"https:\/\/thekickboxingsociety.opzet-website.nl\/es\/#\/schema\/logo\/image\/"},"sameAs":["https:\/\/www.facebook.com\/people\/Kickboxing-Society\/100064106312199\/","https:\/\/www.instagram.com\/thekickboxingsociety\/","https:\/\/www.linkedin.com\/company\/thekickboxingsociety\/"]}]}},"_links":{"self":[{"href":"https:\/\/thekickboxingsociety.opzet-website.nl\/es\/wp-json\/wp\/v2\/pages\/3620","targetHints":{"allow":["GET"]}}],"collection":[{"href":"https:\/\/thekickboxingsociety.opzet-website.nl\/es\/wp-json\/wp\/v2\/pages"}],"about":[{"href":"https:\/\/thekickboxingsociety.opzet-website.nl\/es\/wp-json\/wp\/v2\/types\/page"}],"author":[{"embeddable":true,"href":"https:\/\/thekickboxingsociety.opzet-website.nl\/es\/wp-json\/wp\/v2\/users\/1"}],"replies":[{"embeddable":true,"href":"https:\/\/thekickboxingsociety.opzet-website.nl\/es\/wp-json\/wp\/v2\/comments?post=3620"}],"version-history":[{"count":11,"href":"https:\/\/thekickboxingsociety.opzet-website.nl\/es\/wp-json\/wp\/v2\/pages\/3620\/revisions"}],"predecessor-version":[{"id":4811,"href":"https:\/\/thekickboxingsociety.opzet-website.nl\/es\/wp-json\/wp\/v2\/pages\/3620\/revisions\/4811"}],"wp:attachment":[{"href":"https:\/\/thekickboxingsociety.opzet-website.nl\/es\/wp-json\/wp\/v2\/media?parent=3620"}],"wp:term":[{"taxonomy":"category","embeddable":true,"href":"https:\/\/thekickboxingsociety.opzet-website.nl\/es\/wp-json\/wp\/v2\/categories?post=3620"}],"curies":[{"name":"wp","href":"https:\/\/api.w.org\/{rel}","templated":true}]}}