{"id":3624,"date":"2023-03-17T18:03:47","date_gmt":"2023-03-17T17:03:47","guid":{"rendered":"https:\/\/thekickboxingsociety.opzet-website.nl\/descargo-de-responsabilidad\/"},"modified":"2024-06-20T11:55:38","modified_gmt":"2024-06-20T09:55:38","slug":"descargo-de-responsabilidad","status":"publish","type":"page","link":"https:\/\/thekickboxingsociety.opzet-website.nl\/es\/descargo-de-responsabilidad\/","title":{"rendered":"DESCARGO DE RESPONSABILIDAD"},"content":{"rendered":"<p>[et_pb_section fb_built=\u00bb1&#8243; _builder_version=\u00bb4.16&#8243; global_colors_info=\u00bb{}\u00bb][et_pb_row _builder_version=\u00bb4.16&#8243; background_size=\u00bbinitial\u00bb background_position=\u00bbtop_left\u00bb background_repeat=\u00bbrepeat\u00bb global_colors_info=\u00bb{}\u00bb][et_pb_column type=\u00bb4_4&#8243; _builder_version=\u00bb4.16&#8243; custom_padding=\u00bb|||\u00bb global_colors_info=\u00bb{}\u00bb custom_padding__hover=\u00bb|||\u00bb][et_pb_text _builder_version=\u00bb4.24.0&#8243; text_text_color=\u00bb#000000&#8243; header_text_color=\u00bb#000000&#8243; background_size=\u00bbinitial\u00bb background_position=\u00bbtop_left\u00bb background_repeat=\u00bbrepeat\u00bb hover_enabled=\u00bb0&#8243; global_colors_info=\u00bb{}\u00bb sticky_enabled=\u00bb0&#8243;]<\/p>\n<h1>DESCARGO DE RESPONSABILIDAD PARA <a href=\"https:\/\/thekickboxingsociety.opzet-website.nl\/es\/\">thekickboxingsociety.opzet-website.nl<\/a><\/h1>\n<p>En esta p\u00e1gina encontrar\u00e1s el descargo de responsabilidad de thekickboxingsociety.opzet-website.nl, puesto a disposici\u00f3n por <a href=\"https:\/\/thekickboxingsociety.opzet-website.nl\/es\/\">The Kickboxing Society<\/a>. En este descargo de responsabilidad indicamos las condiciones en las que te ofrecemos la informaci\u00f3n en nuestro sitio web.<\/p>\n<h2>PROPIEDAD INTELECTUAL<\/h2>\n<p>El uso de la informaci\u00f3n contenida en este sitio web es gratuito siempre que no la copies, divulgues ni utilices de otro modo. Solo podr\u00e1s reutilizar la informaci\u00f3n contenida en este sitio web seg\u00fan las disposiciones legales obligatorias. <\/p>\n<p>No est\u00e1 permitida la reutilizaci\u00f3n de texto, material fotogr\u00e1fico u otro tipo de material de este sitio web sin el consentimiento expreso por escrito de The Kickboxing Society. La propiedad intelectual pertenece a The Kickboxing Society. <\/p>\n<h2>SIN GARANT\u00cdAS DE EXACTITUD<\/h2>\n<p>En relaci\u00f3n con las tarifas que figuran en nuestro sitio web, nos esforzamos por reflejar la realidad y los precios previstos con el mayor cuidado posible. Los errores que se produzcan a este respecto y que se reconozcan como errores de programaci\u00f3n o de escritura nunca constituyen un motivo para reclamar o dar por supuesto un contrato o acuerdo con The Kickboxing Society. <\/p>\n<p>The Kickboxing Society se esfuerza por mantener su sitio web lo m\u00e1s actualizado posible. Si, a pesar de los esfuerzos, la informaci\u00f3n o el contenido del sitio web fueran incompletos o incorrectos, no podemos aceptar ninguna responsabilidad. <\/p>\n<p>La informaci\u00f3n o los productos mostrados en el presente sitio web se ofrecen sin ninguna forma de garant\u00eda ni pretensi\u00f3n de veracidad. Nos reservamos el derecho de modificar, eliminar o volver a publicar estos materiales sin previo aviso. The Kickboxing Society no se hace responsable de la informaci\u00f3n contenida en los sitios web a los que enlazamos mediante hiperv\u00ednculos.  <\/p>\n<h3>MODIFICACIONES<\/h3>\n<p>Si cambiara el descargo de responsabilidad, encontrar\u00e1s la versi\u00f3n m\u00e1s reciente del descargo de responsabilidad de The Kickboxing Society en esta p\u00e1gina.<\/p>\n<p>[\/et_pb_text][\/et_pb_column][\/et_pb_row][\/et_pb_section]<\/p>\n","protected":false},"excerpt":{"rendered":"<p>DESCARGO DE RESPONSABILIDAD PARA&#8230;<\/p>\n","protected":false},"author":1,"featured_media":0,"parent":0,"menu_order":0,"comment_status":"closed","ping_status":"closed","template":"","meta":{"_acf_changed":false,"_yoast_wpseo_title":"Descargo de Responsabilidad | The Kickboxing Society","_yoast_wpseo_metadesc":"","_et_pb_use_builder":"on","_et_pb_old_content":"","_et_gb_content_width":"","footnotes":""},"categories":[],"class_list":["post-3624","page","type-page","status-publish","hentry"],"acf":[],"yoast_head":"<!-- This site is optimized with the Yoast SEO plugin v25.0 - https:\/\/yoast.com\/wordpress\/plugins\/seo\/ -->\n<title>Descargo de Responsabilidad | The Kickboxing Society<\/title>\n<meta name=\"robots\" content=\"noindex, follow, max-snippet:-1, max-image-preview:large, max-video-preview:-1\" \/>\n<meta property=\"og:locale\" content=\"es_ES\" \/>\n<meta property=\"og:type\" content=\"article\" \/>\n<meta property=\"og:title\" content=\"Descargo de Responsabilidad | The Kickboxing Society\" \/>\n<meta property=\"og:description\" content=\"DESCARGO DE RESPONSABILIDAD PARA...\" \/>\n<meta property=\"og:url\" content=\"https:\/\/thekickboxingsociety.opzet-website.nl\/es\/descargo-de-responsabilidad\/\" \/>\n<meta property=\"og:site_name\" content=\"The Kickboxing Society\" \/>\n<meta property=\"article:publisher\" content=\"https:\/\/www.facebook.com\/people\/Kickboxing-Society\/100064106312199\/\" \/>\n<meta property=\"article:modified_time\" content=\"2024-06-20T09:55:38+00:00\" \/>\n<meta property=\"og:image\" content=\"https:\/\/thekickboxingsociety.opzet-website.nl\/wp-content\/uploads\/kickboks-les.jpg\" \/>\n\t<meta property=\"og:image:width\" content=\"1051\" \/>\n\t<meta property=\"og:image:height\" content=\"555\" \/>\n\t<meta property=\"og:image:type\" content=\"image\/jpeg\" \/>\n<meta name=\"twitter:card\" content=\"summary_large_image\" \/>\n<meta name=\"twitter:label1\" content=\"Tiempo de lectura\" \/>\n\t<meta name=\"twitter:data1\" content=\"2 minutos\" \/>\n<script type=\"application\/ld+json\" class=\"yoast-schema-graph\">{\"@context\":\"https:\/\/schema.org\",\"@graph\":[{\"@type\":\"WebPage\",\"@id\":\"https:\/\/thekickboxingsociety.opzet-website.nl\/es\/descargo-de-responsabilidad\/\",\"url\":\"https:\/\/thekickboxingsociety.opzet-website.nl\/es\/descargo-de-responsabilidad\/\",\"name\":\"Descargo de Responsabilidad | The Kickboxing Society\",\"isPartOf\":{\"@id\":\"https:\/\/thekickboxingsociety.opzet-website.nl\/es\/#website\"},\"datePublished\":\"2023-03-17T17:03:47+00:00\",\"dateModified\":\"2024-06-20T09:55:38+00:00\",\"breadcrumb\":{\"@id\":\"https:\/\/thekickboxingsociety.opzet-website.nl\/es\/descargo-de-responsabilidad\/#breadcrumb\"},\"inLanguage\":\"es\",\"potentialAction\":[{\"@type\":\"ReadAction\",\"target\":[\"https:\/\/thekickboxingsociety.opzet-website.nl\/es\/descargo-de-responsabilidad\/\"]}]},{\"@type\":\"BreadcrumbList\",\"@id\":\"https:\/\/thekickboxingsociety.opzet-website.nl\/es\/descargo-de-responsabilidad\/#breadcrumb\",\"itemListElement\":[{\"@type\":\"ListItem\",\"position\":1,\"name\":\"Home\",\"item\":\"https:\/\/thekickboxingsociety.opzet-website.nl\/es\/home\/\"},{\"@type\":\"ListItem\",\"position\":2,\"name\":\"DESCARGO DE RESPONSABILIDAD\"}]},{\"@type\":\"WebSite\",\"@id\":\"https:\/\/thekickboxingsociety.opzet-website.nl\/es\/#website\",\"url\":\"https:\/\/thekickboxingsociety.opzet-website.nl\/es\/\",\"name\":\"The Kickboxing Society\",\"description\":\"\",\"publisher\":{\"@id\":\"https:\/\/thekickboxingsociety.opzet-website.nl\/es\/#organization\"},\"potentialAction\":[{\"@type\":\"SearchAction\",\"target\":{\"@type\":\"EntryPoint\",\"urlTemplate\":\"https:\/\/thekickboxingsociety.opzet-website.nl\/es\/?s={search_term_string}\"},\"query-input\":{\"@type\":\"PropertyValueSpecification\",\"valueRequired\":true,\"valueName\":\"search_term_string\"}}],\"inLanguage\":\"es\"},{\"@type\":\"Organization\",\"@id\":\"https:\/\/thekickboxingsociety.opzet-website.nl\/es\/#organization\",\"name\":\"The Kickboxing Society\",\"url\":\"https:\/\/thekickboxingsociety.opzet-website.nl\/es\/\",\"logo\":{\"@type\":\"ImageObject\",\"inLanguage\":\"es\",\"@id\":\"https:\/\/thekickboxingsociety.opzet-website.nl\/es\/#\/schema\/logo\/image\/\",\"url\":\"https:\/\/thekickboxingsociety.opzet-website.nl\/wp-content\/uploads\/logo-footer.png\",\"contentUrl\":\"https:\/\/thekickboxingsociety.opzet-website.nl\/wp-content\/uploads\/logo-footer.png\",\"width\":328,\"height\":98,\"caption\":\"The Kickboxing Society\"},\"image\":{\"@id\":\"https:\/\/thekickboxingsociety.opzet-website.nl\/es\/#\/schema\/logo\/image\/\"},\"sameAs\":[\"https:\/\/www.facebook.com\/people\/Kickboxing-Society\/100064106312199\/\",\"https:\/\/www.instagram.com\/thekickboxingsociety\/\",\"https:\/\/www.linkedin.com\/company\/thekickboxingsociety\/\"]}]}<\/script>\n<!-- \/ Yoast SEO plugin. -->","yoast_head_json":{"title":"Descargo de Responsabilidad | The Kickboxing Society","robots":{"index":"noindex","follow":"follow","max-snippet":"max-snippet:-1","max-image-preview":"max-image-preview:large","max-video-preview":"max-video-preview:-1"},"og_locale":"es_ES","og_type":"article","og_title":"Descargo de Responsabilidad | The Kickboxing Society","og_description":"DESCARGO DE RESPONSABILIDAD PARA...","og_url":"https:\/\/thekickboxingsociety.opzet-website.nl\/es\/descargo-de-responsabilidad\/","og_site_name":"The Kickboxing Society","article_publisher":"https:\/\/www.facebook.com\/people\/Kickboxing-Society\/100064106312199\/","article_modified_time":"2024-06-20T09:55:38+00:00","og_image":[{"width":1051,"height":555,"url":"https:\/\/thekickboxingsociety.opzet-website.nl\/wp-content\/uploads\/kickboks-les.jpg","type":"image\/jpeg"}],"twitter_card":"summary_large_image","twitter_misc":{"Tiempo de lectura":"2 minutos"},"schema":{"@context":"https:\/\/schema.org","@graph":[{"@type":"WebPage","@id":"https:\/\/thekickboxingsociety.opzet-website.nl\/es\/descargo-de-responsabilidad\/","url":"https:\/\/thekickboxingsociety.opzet-website.nl\/es\/descargo-de-responsabilidad\/","name":"Descargo de Responsabilidad | The Kickboxing Society","isPartOf":{"@id":"https:\/\/thekickboxingsociety.opzet-website.nl\/es\/#website"},"datePublished":"2023-03-17T17:03:47+00:00","dateModified":"2024-06-20T09:55:38+00:00","breadcrumb":{"@id":"https:\/\/thekickboxingsociety.opzet-website.nl\/es\/descargo-de-responsabilidad\/#breadcrumb"},"inLanguage":"es","potentialAction":[{"@type":"ReadAction","target":["https:\/\/thekickboxingsociety.opzet-website.nl\/es\/descargo-de-responsabilidad\/"]}]},{"@type":"BreadcrumbList","@id":"https:\/\/thekickboxingsociety.opzet-website.nl\/es\/descargo-de-responsabilidad\/#breadcrumb","itemListElement":[{"@type":"ListItem","position":1,"name":"Home","item":"https:\/\/thekickboxingsociety.opzet-website.nl\/es\/home\/"},{"@type":"ListItem","position":2,"name":"DESCARGO DE RESPONSABILIDAD"}]},{"@type":"WebSite","@id":"https:\/\/thekickboxingsociety.opzet-website.nl\/es\/#website","url":"https:\/\/thekickboxingsociety.opzet-website.nl\/es\/","name":"The Kickboxing Society","description":"","publisher":{"@id":"https:\/\/thekickboxingsociety.opzet-website.nl\/es\/#organization"},"potentialAction":[{"@type":"SearchAction","target":{"@type":"EntryPoint","urlTemplate":"https:\/\/thekickboxingsociety.opzet-website.nl\/es\/?s={search_term_string}"},"query-input":{"@type":"PropertyValueSpecification","valueRequired":true,"valueName":"search_term_string"}}],"inLanguage":"es"},{"@type":"Organization","@id":"https:\/\/thekickboxingsociety.opzet-website.nl\/es\/#organization","name":"The Kickboxing Society","url":"https:\/\/thekickboxingsociety.opzet-website.nl\/es\/","logo":{"@type":"ImageObject","inLanguage":"es","@id":"https:\/\/thekickboxingsociety.opzet-website.nl\/es\/#\/schema\/logo\/image\/","url":"https:\/\/thekickboxingsociety.opzet-website.nl\/wp-content\/uploads\/logo-footer.png","contentUrl":"https:\/\/thekickboxingsociety.opzet-website.nl\/wp-content\/uploads\/logo-footer.png","width":328,"height":98,"caption":"The Kickboxing Society"},"image":{"@id":"https:\/\/thekickboxingsociety.opzet-website.nl\/es\/#\/schema\/logo\/image\/"},"sameAs":["https:\/\/www.facebook.com\/people\/Kickboxing-Society\/100064106312199\/","https:\/\/www.instagram.com\/thekickboxingsociety\/","https:\/\/www.linkedin.com\/company\/thekickboxingsociety\/"]}]}},"_links":{"self":[{"href":"https:\/\/thekickboxingsociety.opzet-website.nl\/es\/wp-json\/wp\/v2\/pages\/3624","targetHints":{"allow":["GET"]}}],"collection":[{"href":"https:\/\/thekickboxingsociety.opzet-website.nl\/es\/wp-json\/wp\/v2\/pages"}],"about":[{"href":"https:\/\/thekickboxingsociety.opzet-website.nl\/es\/wp-json\/wp\/v2\/types\/page"}],"author":[{"embeddable":true,"href":"https:\/\/thekickboxingsociety.opzet-website.nl\/es\/wp-json\/wp\/v2\/users\/1"}],"replies":[{"embeddable":true,"href":"https:\/\/thekickboxingsociety.opzet-website.nl\/es\/wp-json\/wp\/v2\/comments?post=3624"}],"version-history":[{"count":6,"href":"https:\/\/thekickboxingsociety.opzet-website.nl\/es\/wp-json\/wp\/v2\/pages\/3624\/revisions"}],"predecessor-version":[{"id":4814,"href":"https:\/\/thekickboxingsociety.opzet-website.nl\/es\/wp-json\/wp\/v2\/pages\/3624\/revisions\/4814"}],"wp:attachment":[{"href":"https:\/\/thekickboxingsociety.opzet-website.nl\/es\/wp-json\/wp\/v2\/media?parent=3624"}],"wp:term":[{"taxonomy":"category","embeddable":true,"href":"https:\/\/thekickboxingsociety.opzet-website.nl\/es\/wp-json\/wp\/v2\/categories?post=3624"}],"curies":[{"name":"wp","href":"https:\/\/api.w.org\/{rel}","templated":true}]}}